{"id":10837,"date":"2022-11-22T14:05:28","date_gmt":"2022-11-22T14:05:28","guid":{"rendered":"https:\/\/konstruktion.vamtam.com\/?page_id=10837"},"modified":"2024-08-19T11:20:05","modified_gmt":"2024-08-19T09:20:05","slug":"grzegorz-krol","status":"publish","type":"page","link":"https:\/\/blackking.pl\/de\/grzegorz-krol\/","title":{"rendered":"Grzegorz Kr\u00f3l"},"content":{"rendered":"<div data-elementor-type=\"wp-page\" data-elementor-id=\"10837\" class=\"elementor elementor-10837\" data-elementor-post-type=\"page\">\n\t\t\t\t\t\t<section class=\"elementor-section elementor-top-section elementor-element elementor-element-e87e19c elementor-section-boxed elementor-section-height-default elementor-section-height-default\" data-id=\"e87e19c\" data-element_type=\"section\">\n\t\t\t\t\t\t<div class=\"elementor-container elementor-column-gap-no\">\n\t\t\t\t\t<div class=\"elementor-column elementor-col-33 elementor-top-column elementor-element elementor-element-cd43a1c\" data-id=\"cd43a1c\" data-element_type=\"column\">\n\t\t\t<div class=\"elementor-widget-wrap elementor-element-populated\">\n\t\t\t\t\t\t<div class=\"elementor-element elementor-element-df829c2 elementor-widget elementor-widget-image\" data-id=\"df829c2\" data-element_type=\"widget\" data-widget_type=\"image.default\">\n\t\t\t\t<div class=\"elementor-widget-container\">\n\t\t\t\t\t\t\t\t\t\t\t\t\t<img fetchpriority=\"high\" decoding=\"async\" width=\"500\" height=\"500\" src=\"https:\/\/blackking.pl\/wp-content\/uploads\/2024\/08\/grzegorz-krol-blackking-bez-tla.png\" class=\"attachment-full size-full wp-image-17231\" alt=\"\" srcset=\"https:\/\/blackking.pl\/wp-content\/uploads\/2024\/08\/grzegorz-krol-blackking-bez-tla.png 500w, https:\/\/blackking.pl\/wp-content\/uploads\/2024\/08\/grzegorz-krol-blackking-bez-tla-300x300.png 300w, https:\/\/blackking.pl\/wp-content\/uploads\/2024\/08\/grzegorz-krol-blackking-bez-tla-150x150.png 150w\" sizes=\"(max-width: 500px) 100vw, 500px\" \/>\t\t\t\t\t\t\t\t\t\t\t\t\t<\/div>\n\t\t\t\t<\/div>\n\t\t\t\t\t<\/div>\n\t\t<\/div>\n\t\t\t\t<div class=\"elementor-column elementor-col-66 elementor-top-column elementor-element elementor-element-9ddeafc\" data-id=\"9ddeafc\" data-element_type=\"column\">\n\t\t\t<div class=\"elementor-widget-wrap elementor-element-populated\">\n\t\t\t\t\t\t<div class=\"vamtam-has-theme-widget-styles elementor-element elementor-element-84da97e vamtam-has-underline-anim elementor-widget elementor-widget-button\" data-id=\"84da97e\" data-element_type=\"widget\" data-widget_type=\"button.default\">\n\t\t\t\t<div class=\"elementor-widget-container\">\n\t\t\t\t\t<div class=\"elementor-button-wrapper\">\n\t\t\t<a class=\"elementor-button elementor-size-sm\" role=\"button\">\n\t\t\t\t\t\t<span class=\"elementor-button-content-wrapper\">\n\t\t\t\t\t\t<span class=\"elementor-button-icon\">\n\t\t\t\t<i aria-hidden=\"true\" class=\"vamtamtheme- vamtam-theme-arrow-left\"><\/i>\t\t\t<\/span>\n\t\t\t\t\t\t\t\t\t<span class=\"elementor-button-text\">Zur\u00fcck zu \u201eAlle F\u00fchrungskr\u00e4fte\u201c<\/span>\n\t\t\t\t\t<\/span>\n\t\t\t\t\t<\/a>\n\t\t<\/div>\n\t\t\t\t<\/div>\n\t\t\t\t<\/div>\n\t\t\t\t<div class=\"elementor-element elementor-element-7b12241 elementor-widget elementor-widget-heading\" data-id=\"7b12241\" data-element_type=\"widget\" data-widget_type=\"heading.default\">\n\t\t\t\t<div class=\"elementor-widget-container\">\n\t\t\t<h4 class=\"elementor-heading-title elementor-size-default\">Sachverst\u00e4ndiger Verfahrensingenieur<\/h4>\t\t<\/div>\n\t\t\t\t<\/div>\n\t\t\t\t<div class=\"vamtam-has-theme-widget-styles elementor-element elementor-element-838e38c vamtam-has-underline-anim elementor-widget elementor-widget-button\" data-id=\"838e38c\" data-element_type=\"widget\" data-widget_type=\"button.default\">\n\t\t\t\t<div class=\"elementor-widget-container\">\n\t\t\t\t\t<div class=\"elementor-button-wrapper\">\n\t\t\t<a class=\"elementor-button elementor-button-link elementor-size-sm\" href=\"https:\/\/blackking.pl\/de\/contact\/\" target=\"_blank\">\n\t\t\t\t\t\t<span class=\"elementor-button-content-wrapper\">\n\t\t\t\t\t\t\t\t\t<span class=\"elementor-button-text\">Kontakt<\/span>\n\t\t\t\t\t<\/span>\n\t\t\t\t\t<\/a>\n\t\t<\/div>\n\t\t\t\t<\/div>\n\t\t\t\t<\/div>\n\t\t\t\t\t<\/div>\n\t\t<\/div>\n\t\t\t\t\t<\/div>\n\t\t<\/section>\n\t\t\t\t<section class=\"elementor-section elementor-top-section elementor-element elementor-element-ce0aca9 elementor-section-boxed elementor-section-height-default elementor-section-height-default\" data-id=\"ce0aca9\" data-element_type=\"section\" data-settings=\"{&quot;background_background&quot;:&quot;classic&quot;}\">\n\t\t\t\t\t\t<div class=\"elementor-container elementor-column-gap-no\">\n\t\t\t\t\t<div class=\"elementor-column elementor-col-33 elementor-top-column elementor-element elementor-element-9ef0268\" data-id=\"9ef0268\" data-element_type=\"column\">\n\t\t\t<div class=\"elementor-widget-wrap\">\n\t\t\t\t\t\t\t<\/div>\n\t\t<\/div>\n\t\t\t\t<div class=\"elementor-column elementor-col-66 elementor-top-column elementor-element elementor-element-07edc12\" data-id=\"07edc12\" data-element_type=\"column\">\n\t\t\t<div class=\"elementor-widget-wrap elementor-element-populated\">\n\t\t\t\t\t\t<div class=\"elementor-element elementor-element-fcadf4b elementor-widget elementor-widget-text-editor\" data-id=\"fcadf4b\" data-element_type=\"widget\" data-widget_type=\"text-editor.default\">\n\t\t\t\t<div class=\"elementor-widget-container\">\n\t\t\t\t\t\t\t<p>Hochkar\u00e4tiger Spezialist- Ingenieur von Kunsstoffverarbeitungsprozessen basierend auf Spritz-Stretch-Blow-Molding, Blow Molding und Spritzgie\u00dftechnik. Kenntnisse in der Herstellung von Spritz- und Blasverfahren, gest\u00fctzt auf mehrj\u00e4hrige Erfahrung und Kenntnisse.<\/p>\t\t\t\t\t\t<\/div>\n\t\t\t\t<\/div>\n\t\t\t\t\t<\/div>\n\t\t<\/div>\n\t\t\t\t\t<\/div>\n\t\t<\/section>\n\t\t\t\t<\/div>","protected":false},"excerpt":{"rendered":"<p><b>Sachverst\u00e4ndiger Verfahrensingenieur<\/b><br \/>\n<br \/>\nHochkar\u00e4tiger Spezialist- Ingenieur von Kunsstoffverarbeitungsprozessen basierend auf Spritz-Stretch-Blow-Molding, Blow Molding und Spritzgie\u00dftechnik. Kenntnisse in der Herstellung von Spritz- und Blasverfahren, gest\u00fctzt auf mehrj\u00e4hrige Erfahrung und Kenntnisse.<\/p>","protected":false},"author":1,"featured_media":17231,"parent":0,"menu_order":0,"comment_status":"closed","ping_status":"closed","template":"","meta":{"footnotes":""},"class_list":["post-10837","page","type-page","status-publish","has-post-thumbnail","hentry"],"yoast_head":"<!-- This site is optimized with the Yoast SEO plugin v23.5 - https:\/\/yoast.com\/wordpress\/plugins\/seo\/ -->\n<title>Grzegorz Kr\u00f3l - BLACKKING<\/title>\n<meta name=\"robots\" content=\"index, follow, max-snippet:-1, max-image-preview:large, max-video-preview:-1\" \/>\n<link rel=\"canonical\" href=\"https:\/\/blackking.pl\/de\/team__trashed\/grzegorz-krol\/\" \/>\n<meta property=\"og:locale\" content=\"de_DE\" \/>\n<meta property=\"og:type\" content=\"article\" \/>\n<meta property=\"og:title\" content=\"Grzegorz Kr\u00f3l - BLACKKING\" \/>\n<meta property=\"og:description\" content=\"Expert Process Engineer Top-class specialist - engineer of plastics processing processes based on Injection Stretch Blow Molding, Blow Molding and Injection Molding technology. Knowledge of the construction of injection and blow molds supported by multi-years experience and knowledge.\" \/>\n<meta property=\"og:url\" content=\"https:\/\/blackking.pl\/de\/team__trashed\/grzegorz-krol\/\" \/>\n<meta property=\"og:site_name\" content=\"BLACKKING\" \/>\n<meta property=\"article:modified_time\" content=\"2024-08-19T09:20:05+00:00\" \/>\n<meta property=\"og:image\" content=\"https:\/\/blackking.pl\/wp-content\/uploads\/2024\/08\/grzegorz-krol-blackking-bez-tla.png\" \/>\n\t<meta property=\"og:image:width\" content=\"500\" \/>\n\t<meta property=\"og:image:height\" content=\"500\" \/>\n\t<meta property=\"og:image:type\" content=\"image\/png\" \/>\n<meta name=\"twitter:card\" content=\"summary_large_image\" \/>\n<script type=\"application\/ld+json\" class=\"yoast-schema-graph\">{\"@context\":\"https:\/\/schema.org\",\"@graph\":[{\"@type\":\"WebPage\",\"@id\":\"https:\/\/blackking.pl\/team__trashed\/grzegorz-krol\/\",\"url\":\"https:\/\/blackking.pl\/team__trashed\/grzegorz-krol\/\",\"name\":\"Grzegorz Kr\u00f3l - BLACKKING\",\"isPartOf\":{\"@id\":\"https:\/\/blackking.pl\/#website\"},\"primaryImageOfPage\":{\"@id\":\"https:\/\/blackking.pl\/team__trashed\/grzegorz-krol\/#primaryimage\"},\"image\":{\"@id\":\"https:\/\/blackking.pl\/team__trashed\/grzegorz-krol\/#primaryimage\"},\"thumbnailUrl\":\"https:\/\/blackking.pl\/wp-content\/uploads\/2024\/08\/grzegorz-krol-blackking-bez-tla.png\",\"datePublished\":\"2022-11-22T14:05:28+00:00\",\"dateModified\":\"2024-08-19T09:20:05+00:00\",\"breadcrumb\":{\"@id\":\"https:\/\/blackking.pl\/team__trashed\/grzegorz-krol\/#breadcrumb\"},\"inLanguage\":\"de\",\"potentialAction\":[{\"@type\":\"ReadAction\",\"target\":[\"https:\/\/blackking.pl\/team__trashed\/grzegorz-krol\/\"]}]},{\"@type\":\"ImageObject\",\"inLanguage\":\"de\",\"@id\":\"https:\/\/blackking.pl\/team__trashed\/grzegorz-krol\/#primaryimage\",\"url\":\"https:\/\/blackking.pl\/wp-content\/uploads\/2024\/08\/grzegorz-krol-blackking-bez-tla.png\",\"contentUrl\":\"https:\/\/blackking.pl\/wp-content\/uploads\/2024\/08\/grzegorz-krol-blackking-bez-tla.png\",\"width\":500,\"height\":500},{\"@type\":\"BreadcrumbList\",\"@id\":\"https:\/\/blackking.pl\/team__trashed\/grzegorz-krol\/#breadcrumb\",\"itemListElement\":[{\"@type\":\"ListItem\",\"position\":1,\"name\":\"Strona g\u0142\u00f3wna\",\"item\":\"https:\/\/blackking.pl\/\"},{\"@type\":\"ListItem\",\"position\":2,\"name\":\"Grzegorz Kr\u00f3l\"}]},{\"@type\":\"WebSite\",\"@id\":\"https:\/\/blackking.pl\/#website\",\"url\":\"https:\/\/blackking.pl\/\",\"name\":\"BLACKKING\",\"description\":\"\",\"publisher\":{\"@id\":\"https:\/\/blackking.pl\/#organization\"},\"potentialAction\":[{\"@type\":\"SearchAction\",\"target\":{\"@type\":\"EntryPoint\",\"urlTemplate\":\"https:\/\/blackking.pl\/?s={search_term_string}\"},\"query-input\":{\"@type\":\"PropertyValueSpecification\",\"valueRequired\":true,\"valueName\":\"search_term_string\"}}],\"inLanguage\":\"de\"},{\"@type\":\"Organization\",\"@id\":\"https:\/\/blackking.pl\/#organization\",\"name\":\"BLACKKING\",\"url\":\"https:\/\/blackking.pl\/\",\"logo\":{\"@type\":\"ImageObject\",\"inLanguage\":\"de\",\"@id\":\"https:\/\/blackking.pl\/#\/schema\/logo\/image\/\",\"url\":\"https:\/\/blackking.pl\/wp-content\/uploads\/2024\/08\/logo-new.png\",\"contentUrl\":\"https:\/\/blackking.pl\/wp-content\/uploads\/2024\/08\/logo-new.png\",\"width\":2014,\"height\":468,\"caption\":\"BLACKKING\"},\"image\":{\"@id\":\"https:\/\/blackking.pl\/#\/schema\/logo\/image\/\"}}]}<\/script>\n<!-- \/ Yoast SEO plugin. -->","yoast_head_json":{"title":"Grzegorz Kr\u00f3l - BLACKKING","robots":{"index":"index","follow":"follow","max-snippet":"max-snippet:-1","max-image-preview":"max-image-preview:large","max-video-preview":"max-video-preview:-1"},"canonical":"https:\/\/blackking.pl\/de\/team__trashed\/grzegorz-krol\/","og_locale":"de_DE","og_type":"article","og_title":"Grzegorz Kr\u00f3l - BLACKKING","og_description":"Expert Process Engineer Top-class specialist - engineer of plastics processing processes based on Injection Stretch Blow Molding, Blow Molding and Injection Molding technology. Knowledge of the construction of injection and blow molds supported by multi-years experience and knowledge.","og_url":"https:\/\/blackking.pl\/de\/team__trashed\/grzegorz-krol\/","og_site_name":"BLACKKING","article_modified_time":"2024-08-19T09:20:05+00:00","og_image":[{"width":500,"height":500,"url":"https:\/\/blackking.pl\/wp-content\/uploads\/2024\/08\/grzegorz-krol-blackking-bez-tla.png","type":"image\/png"}],"twitter_card":"summary_large_image","schema":{"@context":"https:\/\/schema.org","@graph":[{"@type":"WebPage","@id":"https:\/\/blackking.pl\/team__trashed\/grzegorz-krol\/","url":"https:\/\/blackking.pl\/team__trashed\/grzegorz-krol\/","name":"Grzegorz Kr\u00f3l - BLACKKING","isPartOf":{"@id":"https:\/\/blackking.pl\/#website"},"primaryImageOfPage":{"@id":"https:\/\/blackking.pl\/team__trashed\/grzegorz-krol\/#primaryimage"},"image":{"@id":"https:\/\/blackking.pl\/team__trashed\/grzegorz-krol\/#primaryimage"},"thumbnailUrl":"https:\/\/blackking.pl\/wp-content\/uploads\/2024\/08\/grzegorz-krol-blackking-bez-tla.png","datePublished":"2022-11-22T14:05:28+00:00","dateModified":"2024-08-19T09:20:05+00:00","breadcrumb":{"@id":"https:\/\/blackking.pl\/team__trashed\/grzegorz-krol\/#breadcrumb"},"inLanguage":"de","potentialAction":[{"@type":"ReadAction","target":["https:\/\/blackking.pl\/team__trashed\/grzegorz-krol\/"]}]},{"@type":"ImageObject","inLanguage":"de","@id":"https:\/\/blackking.pl\/team__trashed\/grzegorz-krol\/#primaryimage","url":"https:\/\/blackking.pl\/wp-content\/uploads\/2024\/08\/grzegorz-krol-blackking-bez-tla.png","contentUrl":"https:\/\/blackking.pl\/wp-content\/uploads\/2024\/08\/grzegorz-krol-blackking-bez-tla.png","width":500,"height":500},{"@type":"BreadcrumbList","@id":"https:\/\/blackking.pl\/team__trashed\/grzegorz-krol\/#breadcrumb","itemListElement":[{"@type":"ListItem","position":1,"name":"Strona g\u0142\u00f3wna","item":"https:\/\/blackking.pl\/"},{"@type":"ListItem","position":2,"name":"Grzegorz Kr\u00f3l"}]},{"@type":"WebSite","@id":"https:\/\/blackking.pl\/#website","url":"https:\/\/blackking.pl\/","name":"BLACKKING","description":"","publisher":{"@id":"https:\/\/blackking.pl\/#organization"},"potentialAction":[{"@type":"SearchAction","target":{"@type":"EntryPoint","urlTemplate":"https:\/\/blackking.pl\/?s={search_term_string}"},"query-input":{"@type":"PropertyValueSpecification","valueRequired":true,"valueName":"search_term_string"}}],"inLanguage":"de"},{"@type":"Organization","@id":"https:\/\/blackking.pl\/#organization","name":"BLACKKING","url":"https:\/\/blackking.pl\/","logo":{"@type":"ImageObject","inLanguage":"de","@id":"https:\/\/blackking.pl\/#\/schema\/logo\/image\/","url":"https:\/\/blackking.pl\/wp-content\/uploads\/2024\/08\/logo-new.png","contentUrl":"https:\/\/blackking.pl\/wp-content\/uploads\/2024\/08\/logo-new.png","width":2014,"height":468,"caption":"BLACKKING"},"image":{"@id":"https:\/\/blackking.pl\/#\/schema\/logo\/image\/"}}]}},"_links":{"self":[{"href":"https:\/\/blackking.pl\/de\/wp-json\/wp\/v2\/pages\/10837","targetHints":{"allow":["GET"]}}],"collection":[{"href":"https:\/\/blackking.pl\/de\/wp-json\/wp\/v2\/pages"}],"about":[{"href":"https:\/\/blackking.pl\/de\/wp-json\/wp\/v2\/types\/page"}],"author":[{"embeddable":true,"href":"https:\/\/blackking.pl\/de\/wp-json\/wp\/v2\/users\/1"}],"replies":[{"embeddable":true,"href":"https:\/\/blackking.pl\/de\/wp-json\/wp\/v2\/comments?post=10837"}],"version-history":[{"count":5,"href":"https:\/\/blackking.pl\/de\/wp-json\/wp\/v2\/pages\/10837\/revisions"}],"predecessor-version":[{"id":17915,"href":"https:\/\/blackking.pl\/de\/wp-json\/wp\/v2\/pages\/10837\/revisions\/17915"}],"wp:featuredmedia":[{"embeddable":true,"href":"https:\/\/blackking.pl\/de\/wp-json\/wp\/v2\/media\/17231"}],"wp:attachment":[{"href":"https:\/\/blackking.pl\/de\/wp-json\/wp\/v2\/media?parent=10837"}],"curies":[{"name":"wp","href":"https:\/\/api.w.org\/{rel}","templated":true}]}}